{"id":801,"date":"2023-01-25T10:32:54","date_gmt":"2023-01-25T10:32:54","guid":{"rendered":"https:\/\/francomunoz.com\/?page_id=801"},"modified":"2026-04-08T10:53:38","modified_gmt":"2026-04-08T10:53:38","slug":"nuestras-ubicaciones","status":"publish","type":"page","link":"https:\/\/francomunoz.com\/es\/nuestras-ubicaciones\/","title":{"rendered":"Nuestras Ubicaciones"},"content":{"rendered":"<div id=\"pl-801\"  class=\"panel-layout\" ><div id=\"pg-801-0\"  class=\"panel-grid panel-has-style\" ><div class=\"location-panel panel-row-style panel-row-style-for-801-0\" ><div id=\"pgc-801-0-0\"  class=\"panel-grid-cell\" ><div id=\"panel-801-0-0-0\" class=\"so-panel widget widget_siteorigin-panels-builder panel-first-child panel-last-child widgetopts-SO\" data-index=\"0\" ><div id=\"pl-w69d633b26d381\"  class=\"panel-layout\" ><div id=\"pg-w69d633b26d381-0\"  class=\"panel-grid panel-no-style\" ><div id=\"pgc-w69d633b26d381-0-0\"  class=\"panel-grid-cell\" ><div id=\"panel-w69d633b26d381-0-0-0\" class=\"so-panel widget widget_sow-editor panel-first-child panel-last-child widgetopts-SO\" data-index=\"0\" ><div\n\t\t\t\n\t\t\tclass=\"so-widget-sow-editor so-widget-sow-editor-base\"\n\t\t\t\n\t\t>\n<div class=\"siteorigin-widget-tinymce textwidget\">\n\t<h2 style=\"text-align: center;\"><strong>EL BUFETE DE ABOGADOS FRANCO MU\u00d1OZ EST\u00c1 AL SERVICIO DE TODA EL \u00c1REA DE LA BAH\u00cdA<\/strong><\/h2>\n<p>Con m\u00e1s de 80+ a\u00f1os de experiencia combinada de abogados en el campo de compensaci\u00f3n laboral, el bufete de abogados Franco Mu\u00f1oz est\u00e1 debidamente equipado con el conocimiento y la experiencia para manejar su caso de compensaci\u00f3n laboral. Entre nuestros abogados, hemos manejado m\u00e1s de 1,000 casos en todo el norte de California y el \u00c1rea de la Bah\u00eda.<\/p>\n<p><strong>Programe una Consulta de Reclamos de Compensaci\u00f3n para Trabajadores Hoy<\/strong><\/p>\n<p>Si ha resultado lesionado en el desempe\u00f1o de sus funciones laborales, nuestros abogados de compensaci\u00f3n laboral de Concord pueden ayudarlo. Sin embargo, se aplican l\u00edmites de tiempo, por lo que debe comunicarse con nuestra oficina y programar una consulta gratuita tan pronto como pueda. \u00a1Estamos aqu\u00ed para ayudarte!<\/p>\n<p>Como trabajador lesionado, algunos de los beneficios que pueden estar disponibles para usted pueden incluir:<strong>\u00a0<\/strong><\/p>\n<ul>\n<li>Cambio de su actual m\u00e9dico tratante autorizado<\/li>\n<li>Beneficios de indemnizaci\u00f3n Beneficios por deterioro<\/li>\n<li>Reembolso de kilometraje por desplazamiento a citas m\u00e9dicas<\/li>\n<li>Posible liquidaci\u00f3n monetaria de su reclamo de compensaci\u00f3n para trabajadores.<\/li>\n<\/ul>\n<\/div>\n<\/div><\/div><\/div><\/div><div id=\"pg-w69d633b26d381-1\"  class=\"panel-grid panel-has-style\" ><div class=\"contact_locations panel-row-style panel-row-style-for-w69d633b26d381-1\" ><div id=\"pgc-w69d633b26d381-1-0\"  class=\"panel-grid-cell\" ><div id=\"panel-w69d633b26d381-1-0-0\" class=\"so-panel widget widget_sow-editor panel-first-child panel-last-child widgetopts-SO\" data-index=\"1\" ><div\n\t\t\t\n\t\t\tclass=\"so-widget-sow-editor so-widget-sow-editor-base\"\n\t\t\t\n\t\t>\n<div class=\"siteorigin-widget-tinymce textwidget\">\n\t<h3><strong>Oakland<\/strong><\/h3>\n<p>1720 Broadway<br \/>\nSuite 410<br \/>\nOakland, CA 94612<br \/>\nPhone: (510) 257-4141<br \/>\nFax: (510) 257-4110<\/p>\n<p><a class=\"btn\" href=\"\/?page_id=623\">Ver Detalles<\/a><\/p>\n<\/div>\n<\/div><\/div><\/div><div id=\"pgc-w69d633b26d381-1-1\"  class=\"panel-grid-cell\" ><div id=\"panel-w69d633b26d381-1-1-0\" class=\"so-panel widget widget_sow-editor panel-first-child panel-last-child widgetopts-SO\" data-index=\"2\" ><div\n\t\t\t\n\t\t\tclass=\"so-widget-sow-editor so-widget-sow-editor-base\"\n\t\t\t\n\t\t>\n<div class=\"siteorigin-widget-tinymce textwidget\">\n\t<h3><strong>Concord<\/strong><\/h3>\n<p>1320 Willow Pass Rd<br \/>\nSuite 600<br \/>\nConcord, CA 94520<br \/>\nPhone: (925) 266-4091<\/p>\n<p><a class=\"btn\" href=\"\/?page_id=618\">Ver Detalles<\/a><\/p>\n<\/div>\n<\/div><\/div><\/div><div id=\"pgc-w69d633b26d381-1-2\"  class=\"panel-grid-cell\" ><div id=\"panel-w69d633b26d381-1-2-0\" class=\"so-panel widget widget_sow-editor panel-first-child panel-last-child widgetopts-SO\" data-index=\"3\" ><div\n\t\t\t\n\t\t\tclass=\"so-widget-sow-editor so-widget-sow-editor-base\"\n\t\t\t\n\t\t>\n<div class=\"siteorigin-widget-tinymce textwidget\">\n\t<h3><strong>San Mateo<\/strong><\/h3>\n<p>3 East 3rd Avenue<br \/>\nSuite 200<br \/>\nSan Mateo, CA 94401<br \/>\nPhone: (650) 622-5702<\/p>\n<p><a class=\"btn\" style=\"margin-top: 45px;\" href=\"https:\/\/francomunoz.com\/san-mateo-workers-compensation-attorneys\/\">Ver Detalles<\/a><\/p>\n<\/div>\n<\/div><\/div><\/div><div id=\"pgc-w69d633b26d381-1-3\"  class=\"panel-grid-cell\" ><div id=\"panel-w69d633b26d381-1-3-0\" class=\"so-panel widget widget_sow-editor panel-first-child panel-last-child widgetopts-SO\" data-index=\"4\" ><div\n\t\t\t\n\t\t\tclass=\"so-widget-sow-editor so-widget-sow-editor-base\"\n\t\t\t\n\t\t>\n<div class=\"siteorigin-widget-tinymce textwidget\">\n\t<h3><strong>Condado de Marin<\/strong><\/h3>\n<p>1000 4th Street<br \/>\nSuite 300<br \/>\nSan Rafael, CA 94901<br \/>\nPhone: (628) 286-3311<\/p>\n<p><a class=\"btn\" style=\"margin-top: 45px;\" href=\"https:\/\/francomunoz.com\/marin-county-workers-compensation-attorneys\/\">Ver Detalles<\/a><\/p>\n<\/div>\n<\/div><\/div><\/div><div id=\"pgc-w69d633b26d381-1-4\"  class=\"panel-grid-cell\" ><div id=\"panel-w69d633b26d381-1-4-0\" class=\"so-panel widget widget_sow-editor panel-first-child panel-last-child widgetopts-SO\" data-index=\"5\" ><div\n\t\t\t\n\t\t\tclass=\"so-widget-sow-editor so-widget-sow-editor-base\"\n\t\t\t\n\t\t>\n<div class=\"siteorigin-widget-tinymce textwidget\">\n\t<h3><strong>San Jose<\/strong><\/h3>\n<p>99 South Almaden Blvd<br \/>\nSuite 600<br \/>\nSan Jose, CA 95113<br \/>\nPhone: (669) 231-8701<\/p>\n<p><a class=\"btn\" style=\"margin-top: 45px;\" href=\"https:\/\/francomunoz.com\/es\/san-jose-workers-compensation\/\">Ver Detalles<\/a><\/p>\n<\/div>\n<\/div><\/div><\/div><\/div><\/div><\/div><\/div><\/div><\/div><\/div><\/div>","protected":false},"excerpt":{"rendered":"<p>EL BUFETE DE ABOGADOS FRANCO MU\u00d1OZ EST\u00c1 AL SERVICIO DE TODA EL \u00c1REA DE LA BAH\u00cdA Con m\u00e1s de 80+ a\u00f1os de experiencia combinada de abogados en el campo de compensaci\u00f3n laboral, el bufete de abogados Franco Mu\u00f1oz est\u00e1 debidamente equipado con el conocimiento y la experiencia para manejar su caso de compensaci\u00f3n laboral. Entre [&hellip;]<\/p>\n","protected":false},"author":1,"featured_media":563,"parent":0,"menu_order":0,"comment_status":"closed","ping_status":"closed","template":"","meta":{"_genesis_hide_title":false,"_genesis_hide_breadcrumbs":false,"_genesis_hide_singular_image":false,"_genesis_hide_footer_widgets":false,"_genesis_custom_body_class":"locations-main-page","_genesis_custom_post_class":"","_genesis_layout":"","footnotes":""},"class_list":{"0":"post-801","1":"page","2":"type-page","3":"status-publish","4":"has-post-thumbnail","6":"entry"},"yoast_head":"<!-- This site is optimized with the Yoast SEO Premium plugin v27.4 (Yoast SEO v27.4) - https:\/\/yoast.com\/product\/yoast-seo-premium-wordpress\/ -->\n<title>Nuestras Ubicaciones - Franco Mu\u00f1oz A Professional Corporation<\/title>\n<meta name=\"description\" content=\"Get a free &amp; confidential consultation. Call us right after your accident for a complimentary 24\/7 no-obligation case evaluation with one of our Top Work Injury Lawyers.\" \/>\n<meta name=\"robots\" content=\"index, follow, max-snippet:-1, max-image-preview:large, max-video-preview:-1\" \/>\n<link rel=\"canonical\" href=\"https:\/\/francomunoz.com\/es\/nuestras-ubicaciones\/\" \/>\n<meta property=\"og:locale\" content=\"es_ES\" \/>\n<meta property=\"og:type\" content=\"article\" \/>\n<meta property=\"og:title\" content=\"Nuestras Ubicaciones\" \/>\n<meta property=\"og:description\" content=\"Get a Free &amp; Confidential consultation. Call us right after your accident for a complimentary 24\/7 no-obligation case evaluation with one of our Top Work Injury Lawyers.\" \/>\n<meta property=\"og:url\" content=\"https:\/\/francomunoz.com\/es\/nuestras-ubicaciones\/\" \/>\n<meta property=\"og:site_name\" content=\"Franco Mu\u00f1oz A Professional Corporation\" \/>\n<meta property=\"article:publisher\" content=\"https:\/\/www.facebook.com\/FrancoMunozLawFirm\/\" \/>\n<meta property=\"article:modified_time\" content=\"2026-04-08T10:53:38+00:00\" \/>\n<meta property=\"og:image\" content=\"https:\/\/francomunoz.com\/wp-content\/uploads\/2017\/09\/page-featured-img.jpg\" \/>\n\t<meta property=\"og:image:width\" content=\"1350\" \/>\n\t<meta property=\"og:image:height\" content=\"333\" \/>\n\t<meta property=\"og:image:type\" content=\"image\/jpeg\" \/>\n<meta name=\"twitter:card\" content=\"summary_large_image\" \/>\n<meta name=\"twitter:site\" content=\"@FrancoMunozLaw\" \/>\n<meta name=\"twitter:label1\" content=\"Tiempo de lectura\" \/>\n\t<meta name=\"twitter:data1\" content=\"2 minutos\" \/>\n<!-- \/ Yoast SEO Premium plugin. -->","yoast_head_json":{"title":"Nuestras Ubicaciones - Franco Mu\u00f1oz A Professional Corporation","description":"Get a free & confidential consultation. Call us right after your accident for a complimentary 24\/7 no-obligation case evaluation with one of our Top Work Injury Lawyers.","robots":{"index":"index","follow":"follow","max-snippet":"max-snippet:-1","max-image-preview":"max-image-preview:large","max-video-preview":"max-video-preview:-1"},"canonical":"https:\/\/francomunoz.com\/es\/nuestras-ubicaciones\/","og_locale":"es_ES","og_type":"article","og_title":"Nuestras Ubicaciones","og_description":"Get a Free & Confidential consultation. Call us right after your accident for a complimentary 24\/7 no-obligation case evaluation with one of our Top Work Injury Lawyers.","og_url":"https:\/\/francomunoz.com\/es\/nuestras-ubicaciones\/","og_site_name":"Franco Mu\u00f1oz A Professional Corporation","article_publisher":"https:\/\/www.facebook.com\/FrancoMunozLawFirm\/","article_modified_time":"2026-04-08T10:53:38+00:00","og_image":[{"width":1350,"height":333,"url":"https:\/\/francomunoz.com\/wp-content\/uploads\/2017\/09\/page-featured-img.jpg","type":"image\/jpeg"}],"twitter_card":"summary_large_image","twitter_site":"@FrancoMunozLaw","twitter_misc":{"Tiempo de lectura":"2 minutos"},"schema":{"@context":"https:\/\/schema.org","@graph":[{"@type":["Article","BlogPosting"],"@id":"https:\/\/francomunoz.com\/es\/nuestras-ubicaciones\/#article","isPartOf":{"@id":"https:\/\/francomunoz.com\/es\/nuestras-ubicaciones\/"},"author":{"name":"francoadmin","@id":"https:\/\/francomunoz.com\/es\/#\/schema\/person\/2b03249ea85b7bbbc0203921e6cf26ce"},"headline":"Nuestras Ubicaciones","datePublished":"2023-01-25T10:32:54+00:00","dateModified":"2026-04-08T10:53:38+00:00","mainEntityOfPage":{"@id":"https:\/\/francomunoz.com\/es\/nuestras-ubicaciones\/"},"wordCount":258,"publisher":{"@id":"https:\/\/francomunoz.com\/es\/#organization"},"image":{"@id":"https:\/\/francomunoz.com\/es\/nuestras-ubicaciones\/#primaryimage"},"thumbnailUrl":"https:\/\/francomunoz.com\/wp-content\/uploads\/2017\/09\/page-featured-img.jpg","inLanguage":"es"},{"@type":"WebPage","@id":"https:\/\/francomunoz.com\/es\/nuestras-ubicaciones\/","url":"https:\/\/francomunoz.com\/es\/nuestras-ubicaciones\/","name":"Nuestras Ubicaciones - Franco Mu\u00f1oz A Professional Corporation","isPartOf":{"@id":"https:\/\/francomunoz.com\/es\/#website"},"primaryImageOfPage":{"@id":"https:\/\/francomunoz.com\/es\/nuestras-ubicaciones\/#primaryimage"},"image":{"@id":"https:\/\/francomunoz.com\/es\/nuestras-ubicaciones\/#primaryimage"},"thumbnailUrl":"https:\/\/francomunoz.com\/wp-content\/uploads\/2017\/09\/page-featured-img.jpg","datePublished":"2023-01-25T10:32:54+00:00","dateModified":"2026-04-08T10:53:38+00:00","description":"Get a free & confidential consultation. Call us right after your accident for a complimentary 24\/7 no-obligation case evaluation with one of our Top Work Injury Lawyers.","breadcrumb":{"@id":"https:\/\/francomunoz.com\/es\/nuestras-ubicaciones\/#breadcrumb"},"inLanguage":"es","potentialAction":[{"@type":"ReadAction","target":["https:\/\/francomunoz.com\/es\/nuestras-ubicaciones\/"]}]},{"@type":"ImageObject","inLanguage":"es","@id":"https:\/\/francomunoz.com\/es\/nuestras-ubicaciones\/#primaryimage","url":"https:\/\/francomunoz.com\/wp-content\/uploads\/2017\/09\/page-featured-img.jpg","contentUrl":"https:\/\/francomunoz.com\/wp-content\/uploads\/2017\/09\/page-featured-img.jpg","width":1350,"height":333},{"@type":"BreadcrumbList","@id":"https:\/\/francomunoz.com\/es\/nuestras-ubicaciones\/#breadcrumb","itemListElement":[{"@type":"ListItem","position":1,"name":"Home","item":"https:\/\/francomunoz.com\/es\/"},{"@type":"ListItem","position":2,"name":"Nuestras Ubicaciones"}]},{"@type":"WebSite","@id":"https:\/\/francomunoz.com\/es\/#website","url":"https:\/\/francomunoz.com\/es\/","name":"Oakland Workers Comp Attorney | Franco Munoz","description":"Best Workers Compensation Lawyers","publisher":{"@id":"https:\/\/francomunoz.com\/es\/#organization"},"potentialAction":[{"@type":"SearchAction","target":{"@type":"EntryPoint","urlTemplate":"https:\/\/francomunoz.com\/es\/?s={search_term_string}"},"query-input":{"@type":"PropertyValueSpecification","valueRequired":true,"valueName":"search_term_string"}}],"inLanguage":"es"},{"@type":"Organization","@id":"https:\/\/francomunoz.com\/es\/#organization","name":"Franco Munoz, Workers' Compensation Lawyers","url":"https:\/\/francomunoz.com\/es\/","logo":{"@type":"ImageObject","inLanguage":"es","@id":"https:\/\/francomunoz.com\/es\/#\/schema\/logo\/image\/","url":"https:\/\/francomunoz.com\/wp-content\/uploads\/2018\/01\/footer-logo-img.png","contentUrl":"https:\/\/francomunoz.com\/wp-content\/uploads\/2018\/01\/footer-logo-img.png","width":538,"height":84,"caption":"Franco Munoz, Workers' Compensation Lawyers"},"image":{"@id":"https:\/\/francomunoz.com\/es\/#\/schema\/logo\/image\/"},"sameAs":["https:\/\/www.facebook.com\/FrancoMunozLawFirm\/","https:\/\/x.com\/FrancoMunozLaw","https:\/\/www.linkedin.com\/company\/francomunoz\/"],"diversityStaffingReport":"https:\/\/francomunoz.com\/top-workers-compensation-lawyers-california\/diversity-equity-inclusion\/"},{"@type":"Person","@id":"https:\/\/francomunoz.com\/es\/#\/schema\/person\/2b03249ea85b7bbbc0203921e6cf26ce","name":"francoadmin","image":{"@type":"ImageObject","inLanguage":"es","@id":"https:\/\/secure.gravatar.com\/avatar\/8602f9db57af30c9535b14a12ddde3067368d8da46fa47eebc1a3401c432af1e?s=96&d=mm&r=g","url":"https:\/\/secure.gravatar.com\/avatar\/8602f9db57af30c9535b14a12ddde3067368d8da46fa47eebc1a3401c432af1e?s=96&d=mm&r=g","contentUrl":"https:\/\/secure.gravatar.com\/avatar\/8602f9db57af30c9535b14a12ddde3067368d8da46fa47eebc1a3401c432af1e?s=96&d=mm&r=g","caption":"francoadmin"}}]}},"_links":{"self":[{"href":"https:\/\/francomunoz.com\/es\/wp-json\/wp\/v2\/pages\/801","targetHints":{"allow":["GET"]}}],"collection":[{"href":"https:\/\/francomunoz.com\/es\/wp-json\/wp\/v2\/pages"}],"about":[{"href":"https:\/\/francomunoz.com\/es\/wp-json\/wp\/v2\/types\/page"}],"author":[{"embeddable":true,"href":"https:\/\/francomunoz.com\/es\/wp-json\/wp\/v2\/users\/1"}],"replies":[{"embeddable":true,"href":"https:\/\/francomunoz.com\/es\/wp-json\/wp\/v2\/comments?post=801"}],"version-history":[{"count":0,"href":"https:\/\/francomunoz.com\/es\/wp-json\/wp\/v2\/pages\/801\/revisions"}],"wp:featuredmedia":[{"embeddable":true,"href":"https:\/\/francomunoz.com\/es\/wp-json\/wp\/v2\/media\/563"}],"wp:attachment":[{"href":"https:\/\/francomunoz.com\/es\/wp-json\/wp\/v2\/media?parent=801"}],"curies":[{"name":"wp","href":"https:\/\/api.w.org\/{rel}","templated":true}]}}