{"id":2097,"date":"2026-04-21T10:53:28","date_gmt":"2026-04-21T10:53:28","guid":{"rendered":"https:\/\/francomunoz.com\/?page_id=2097"},"modified":"2026-04-21T11:36:37","modified_gmt":"2026-04-21T11:36:37","slug":"accidentes-de-montacargas","status":"publish","type":"page","link":"https:\/\/francomunoz.com\/es\/compensacion-de-trabajadores\/accidentes-de-construccion\/accidentes-de-montacargas\/","title":{"rendered":"Accidentes de Montacargas"},"content":{"rendered":"<div id=\"pl-2097\"  class=\"panel-layout\" ><div id=\"pg-2097-0\"  class=\"panel-grid panel-has-style\" ><div class=\"right-sec-text panel-row-style panel-row-style-for-2097-0\" ><div id=\"pgc-2097-0-0\"  class=\"panel-grid-cell\" ><div id=\"panel-2097-0-0-0\" class=\"so-panel widget widget_black-studio-tinymce widget_black_studio_tinymce panel-first-child panel-last-child widgetopts-SO\" data-index=\"0\" ><div class=\"textwidget\"><h1>ACCIDENTES DE MONTACARGAS EN CALIFORNIA: SUS DERECHOS DESPU\u00c9S DE UNA LESI\u00d3N LABORAL<\/h1>\n<p><img decoding=\"async\" class=\"aligncenter size-large wp-image-2116 lazyload\" data-src=\"https:\/\/francomunoz.com\/wp-content\/uploads\/2026\/04\/Montecargas-Spanish-1-1024x683.jpg\" alt=\"\" width=\"1024\" height=\"683\" data-srcset=\"https:\/\/francomunoz.com\/wp-content\/uploads\/2026\/04\/Montecargas-Spanish-1-1024x683.jpg 1024w, https:\/\/francomunoz.com\/wp-content\/uploads\/2026\/04\/Montecargas-Spanish-1-300x200.jpg 300w, https:\/\/francomunoz.com\/wp-content\/uploads\/2026\/04\/Montecargas-Spanish-1-768x512.jpg 768w, https:\/\/francomunoz.com\/wp-content\/uploads\/2026\/04\/Montecargas-Spanish-1-272x182.jpg 272w, https:\/\/francomunoz.com\/wp-content\/uploads\/2026\/04\/Montecargas-Spanish-1.jpg 1536w\" data-sizes=\"(max-width: 1024px) 100vw, 1024px\" src=\"data:image\/svg+xml;base64,PHN2ZyB3aWR0aD0iMSIgaGVpZ2h0PSIxIiB4bWxucz0iaHR0cDovL3d3dy53My5vcmcvMjAwMC9zdmciPjwvc3ZnPg==\" style=\"--smush-placeholder-width: 1024px; --smush-placeholder-aspect-ratio: 1024\/683;\" \/><\/p>\n<p><span style=\"font-weight: 400;\">Los montacargas son una herramienta esencial en obras de construcci\u00f3n, almacenes y centros de distribuci\u00f3n. Sin embargo, cuando se operan incorrectamente o sin las medidas de seguridad adecuadas, pueden causar accidentes graves.<\/span><\/p>\n<p><span style=\"font-weight: 400;\">Si usted sufri\u00f3 una lesi\u00f3n en un accidente de montacargas en California, es importante conocer sus derechos y las opciones legales disponibles para obtener compensaci\u00f3n.<\/span><\/p>\n<p><span style=\"font-weight: 400;\">En Franco Mu\u00f1oz, representamos a trabajadores lesionados y ayudamos a maximizar sus beneficios bajo la ley de compensaci\u00f3n laboral.<\/span><\/p>\n<h2>Causas Comunes de Accidentes de Montacargas<\/h2>\n<p><span style=\"font-weight: 400;\">Muchos accidentes de montacargas ocurren por negligencia o falta de cumplimiento de normas de seguridad. Las causas m\u00e1s comunes incluyen:<\/span><\/p>\n<ul>\n<li style=\"font-weight: 400;\" aria-level=\"1\"><span style=\"font-weight: 400;\">Falta de capacitaci\u00f3n del operador<\/span><\/li>\n<li style=\"font-weight: 400;\" aria-level=\"1\"><span style=\"font-weight: 400;\">Conducci\u00f3n imprudente o a alta velocidad<\/span><\/li>\n<li style=\"font-weight: 400;\" aria-level=\"1\"><span style=\"font-weight: 400;\">Sobrecarga del montacargas<\/span><\/li>\n<li style=\"font-weight: 400;\" aria-level=\"1\"><span style=\"font-weight: 400;\">Fallas mec\u00e1nicas o mantenimiento inadecuado<\/span><\/li>\n<li style=\"font-weight: 400;\" aria-level=\"1\"><span style=\"font-weight: 400;\">Superficies irregulares o peligrosas<\/span><\/li>\n<li style=\"font-weight: 400;\" aria-level=\"1\"><span style=\"font-weight: 400;\">Falta de visibilidad o se\u00f1alizaci\u00f3n<\/span><\/li>\n<li style=\"font-weight: 400;\" aria-level=\"1\"><span style=\"font-weight: 400;\">Ca\u00edda de materiales desde el equipo<\/span><\/li>\n<\/ul>\n<p><span style=\"font-weight: 400;\">Estos riesgos aumentan significativamente en entornos de trabajo con alta actividad.<\/span><\/p>\n<h2>Lesiones Comunes en Accidentes de Montacargas<\/h2>\n<p><span style=\"font-weight: 400;\">Debido al peso y la fuerza de los montacargas, las lesiones pueden ser severas, incluyendo:<\/span><\/p>\n<ul>\n<li style=\"font-weight: 400;\" aria-level=\"1\"><span style=\"font-weight: 400;\">Lesiones de espalda y columna<\/span><\/li>\n<li style=\"font-weight: 400;\" aria-level=\"1\"><span style=\"font-weight: 400;\">Lesiones cerebrales traum\u00e1ticas<\/span><\/li>\n<li style=\"font-weight: 400;\" aria-level=\"1\"><span style=\"font-weight: 400;\">Fracturas y huesos rotos<\/span><\/li>\n<li style=\"font-weight: 400;\" aria-level=\"1\"><span style=\"font-weight: 400;\">Lesiones por aplastamiento<\/span><\/li>\n<li style=\"font-weight: 400;\" aria-level=\"1\"><span style=\"font-weight: 400;\">Amputaciones<\/span><\/li>\n<li style=\"font-weight: 400;\" aria-level=\"1\"><span style=\"font-weight: 400;\">Lesiones internas<\/span><\/li>\n<li style=\"font-weight: 400;\" aria-level=\"1\"><span style=\"font-weight: 400;\">Lesiones fatales<\/span><\/li>\n<\/ul>\n<p><span style=\"font-weight: 400;\">Muchas de estas lesiones requieren tratamiento m\u00e9dico prolongado y pueden afectar su capacidad para trabajar.<\/span><\/p>\n<h2>\u00bfQu\u00e9 Compensaci\u00f3n Puede Recibir?<\/h2>\n<p><img decoding=\"async\" class=\"aligncenter size-large wp-image-2111 lazyload\" data-src=\"https:\/\/francomunoz.com\/wp-content\/uploads\/2026\/04\/Grua-Spanish-2-1024x683.jpg\" alt=\"\" width=\"1024\" height=\"683\" data-srcset=\"https:\/\/francomunoz.com\/wp-content\/uploads\/2026\/04\/Grua-Spanish-2-1024x683.jpg 1024w, https:\/\/francomunoz.com\/wp-content\/uploads\/2026\/04\/Grua-Spanish-2-300x200.jpg 300w, https:\/\/francomunoz.com\/wp-content\/uploads\/2026\/04\/Grua-Spanish-2-768x512.jpg 768w, https:\/\/francomunoz.com\/wp-content\/uploads\/2026\/04\/Grua-Spanish-2-272x182.jpg 272w, https:\/\/francomunoz.com\/wp-content\/uploads\/2026\/04\/Grua-Spanish-2.jpg 1536w\" data-sizes=\"(max-width: 1024px) 100vw, 1024px\" src=\"data:image\/svg+xml;base64,PHN2ZyB3aWR0aD0iMSIgaGVpZ2h0PSIxIiB4bWxucz0iaHR0cDovL3d3dy53My5vcmcvMjAwMC9zdmciPjwvc3ZnPg==\" style=\"--smush-placeholder-width: 1024px; --smush-placeholder-aspect-ratio: 1024\/683;\" \/><\/p>\n<p><span style=\"font-weight: 400;\">Si su lesi\u00f3n ocurri\u00f3 en el trabajo, usted puede tener derecho a:<\/span><\/p>\n<h3><b>Beneficios de compensaci\u00f3n laboral<\/b><\/h3>\n<ul>\n<li style=\"font-weight: 400;\" aria-level=\"1\"><span style=\"font-weight: 400;\">Atenci\u00f3n m\u00e9dica cubierta<\/span><\/li>\n<li style=\"font-weight: 400;\" aria-level=\"1\"><span style=\"font-weight: 400;\">Pagos por incapacidad temporal<\/span><\/li>\n<li style=\"font-weight: 400;\" aria-level=\"1\"><span style=\"font-weight: 400;\">Beneficios por incapacidad permanente<\/span><\/li>\n<li style=\"font-weight: 400;\" aria-level=\"1\"><span style=\"font-weight: 400;\">Rehabilitaci\u00f3n vocacional<\/span><\/li>\n<\/ul>\n<h3><b>Demanda contra terceros (si aplica)<\/b><\/h3>\n<p><span style=\"font-weight: 400;\">Si otra parte fue responsable (por ejemplo, un fabricante o contratista), usted tambi\u00e9n puede recuperar:<\/span><\/p>\n<ul>\n<li style=\"font-weight: 400;\" aria-level=\"1\"><span style=\"font-weight: 400;\">Dolor y sufrimiento<\/span><\/li>\n<li style=\"font-weight: 400;\" aria-level=\"1\"><span style=\"font-weight: 400;\">Salarios perdidos<\/span><\/li>\n<li style=\"font-weight: 400;\" aria-level=\"1\"><span style=\"font-weight: 400;\">P\u00e9rdida de ingresos futuros<\/span><\/li>\n<li style=\"font-weight: 400;\" aria-level=\"1\"><span style=\"font-weight: 400;\">Da\u00f1os adicionales<\/span><\/li>\n<\/ul>\n<h2>\u00bfQui\u00e9n Puede Ser Responsable?<\/h2>\n<p><span style=\"font-weight: 400;\">Dependiendo de las circunstancias, varias partes pueden ser responsables:<\/span><\/p>\n<ul>\n<li style=\"font-weight: 400;\" aria-level=\"1\"><span style=\"font-weight: 400;\">El empleador<\/span><\/li>\n<li style=\"font-weight: 400;\" aria-level=\"1\"><span style=\"font-weight: 400;\">El operador del montacargas<\/span><\/li>\n<li style=\"font-weight: 400;\" aria-level=\"1\"><span style=\"font-weight: 400;\">Contratistas o subcontratistas<\/span><\/li>\n<li style=\"font-weight: 400;\" aria-level=\"1\"><span style=\"font-weight: 400;\">El fabricante del equipo<\/span><\/li>\n<li style=\"font-weight: 400;\" aria-level=\"1\"><span style=\"font-weight: 400;\">Empresas de mantenimiento<\/span><\/li>\n<\/ul>\n<p><span style=\"font-weight: 400;\">Identificar correctamente a los responsables es clave para obtener la compensaci\u00f3n completa.<\/span><\/p>\n<h2>Qu\u00e9 Hacer Despu\u00e9s de un Accidente de Montacargas<\/h2>\n<p><img decoding=\"async\" class=\"aligncenter size-large wp-image-2119 lazyload\" data-src=\"https:\/\/francomunoz.com\/wp-content\/uploads\/2026\/04\/que-1024x683.jpg\" alt=\"\" width=\"1024\" height=\"683\" data-srcset=\"https:\/\/francomunoz.com\/wp-content\/uploads\/2026\/04\/que-1024x683.jpg 1024w, https:\/\/francomunoz.com\/wp-content\/uploads\/2026\/04\/que-300x200.jpg 300w, https:\/\/francomunoz.com\/wp-content\/uploads\/2026\/04\/que-768x512.jpg 768w, https:\/\/francomunoz.com\/wp-content\/uploads\/2026\/04\/que-272x182.jpg 272w, https:\/\/francomunoz.com\/wp-content\/uploads\/2026\/04\/que.jpg 1536w\" data-sizes=\"(max-width: 1024px) 100vw, 1024px\" src=\"data:image\/svg+xml;base64,PHN2ZyB3aWR0aD0iMSIgaGVpZ2h0PSIxIiB4bWxucz0iaHR0cDovL3d3dy53My5vcmcvMjAwMC9zdmciPjwvc3ZnPg==\" style=\"--smush-placeholder-width: 1024px; --smush-placeholder-aspect-ratio: 1024\/683;\" \/><\/p>\n<p><span style=\"font-weight: 400;\">Tomar acci\u00f3n inmediata puede proteger su caso:<\/span><\/p>\n<ol>\n<li style=\"font-weight: 400;\" aria-level=\"1\"><b>Busque atenci\u00f3n m\u00e9dica de inmediato<\/b><\/li>\n<li style=\"font-weight: 400;\" aria-level=\"1\"><b>Reporte el accidente a su empleador<\/b><\/li>\n<li style=\"font-weight: 400;\" aria-level=\"1\"><b>Documente todo<\/b><span style=\"font-weight: 400;\"> (fotos, testigos, reportes)<\/span><\/li>\n<li style=\"font-weight: 400;\" aria-level=\"1\"><b>Guarde registros m\u00e9dicos y laborales<\/b><\/li>\n<li style=\"font-weight: 400;\" aria-level=\"1\"><b>Consulte con un abogado lo antes posible<\/b><\/li>\n<\/ol>\n<h2>Por Qu\u00e9 Necesita un Abogado<\/h2>\n<p><span style=\"font-weight: 400;\">Los casos de accidentes de montacargas pueden ser complejos, especialmente cuando hay m\u00faltiples responsables. Un abogado puede:<\/span><\/p>\n<ul>\n<li style=\"font-weight: 400;\" aria-level=\"1\"><span style=\"font-weight: 400;\">Investigar el accidente<\/span><\/li>\n<li style=\"font-weight: 400;\" aria-level=\"1\"><span style=\"font-weight: 400;\">Determinar qui\u00e9n tiene la culpa<\/span><\/li>\n<li style=\"font-weight: 400;\" aria-level=\"1\"><span style=\"font-weight: 400;\">Negociar con las aseguradoras<\/span><\/li>\n<li style=\"font-weight: 400;\" aria-level=\"1\"><span style=\"font-weight: 400;\">Proteger sus derechos<\/span><\/li>\n<li style=\"font-weight: 400;\" aria-level=\"1\"><span style=\"font-weight: 400;\">Maximizar su compensaci\u00f3n<\/span><\/li>\n<\/ul>\n<h2>Hable con un Abogado de Accidentes de Montacargas Hoy<\/h2>\n<p><span style=\"font-weight: 400;\">Si usted o un ser querido sufri\u00f3 una lesi\u00f3n en un accidente de montacargas en California, no tiene que enfrentar el proceso solo.<\/span><\/p>\n<p><span style=\"font-weight: 400;\">En Franco Mu\u00f1oz, luchamos para obtener la compensaci\u00f3n que usted merece.<\/span><\/p>\n<p>Llame hoy para una consulta gratuita al <a href=\"tel:5102574141\">(510) 257-4141<\/a>.<\/p>\n<\/div><\/div><\/div><\/div><\/div><\/div>","protected":false},"excerpt":{"rendered":"<p>ACCIDENTES DE MONTACARGAS EN CALIFORNIA: SUS DERECHOS DESPU\u00c9S DE UNA LESI\u00d3N LABORAL Los montacargas son una herramienta esencial en obras de construcci\u00f3n, almacenes y centros de distribuci\u00f3n. Sin embargo, cuando se operan incorrectamente o sin las medidas de seguridad adecuadas, pueden causar accidentes graves. Si usted sufri\u00f3 una lesi\u00f3n en un accidente de montacargas en [&hellip;]<\/p>\n","protected":false},"author":1,"featured_media":510,"parent":580,"menu_order":0,"comment_status":"closed","ping_status":"closed","template":"page_two_column.php","meta":{"_genesis_hide_title":false,"_genesis_hide_breadcrumbs":false,"_genesis_hide_singular_image":false,"_genesis_hide_footer_widgets":false,"_genesis_custom_body_class":"","_genesis_custom_post_class":"","_genesis_layout":"","footnotes":""},"class_list":{"0":"post-2097","1":"page","2":"type-page","3":"status-publish","4":"has-post-thumbnail","6":"entry"},"yoast_head":"<!-- This site is optimized with the Yoast SEO Premium plugin v27.4 (Yoast SEO v27.4) - https:\/\/yoast.com\/product\/yoast-seo-premium-wordpress\/ -->\n<title>Compensaci\u00f3n laboral lesi\u00f3n cerebral California: Derechos - Franco Mu\u00f1oz A Professional Corporation<\/title>\n<meta name=\"description\" content=\"\u00bfSufri\u00f3 una lesi\u00f3n cerebral en el trabajo en California? Conozca sus derechos, beneficios y c\u00f3mo maximizar su compensaci\u00f3n laboral. Consulta gratis.\" \/>\n<meta name=\"robots\" content=\"index, follow, max-snippet:-1, max-image-preview:large, max-video-preview:-1\" \/>\n<link rel=\"canonical\" href=\"https:\/\/francomunoz.com\/es\/compensacion-de-trabajadores\/accidentes-de-construccion\/accidentes-de-montacargas\/\" \/>\n<meta property=\"og:locale\" content=\"es_ES\" \/>\n<meta property=\"og:type\" content=\"article\" \/>\n<meta property=\"og:title\" content=\"Accidentes de Montacargas\" \/>\n<meta property=\"og:description\" content=\"Get a Free &amp; Confidential consultation. Call us right after your accident for a complimentary 24\/7 no-obligation case evaluation with one of our Top Work Injury Lawyers.\" \/>\n<meta property=\"og:url\" content=\"https:\/\/francomunoz.com\/es\/compensacion-de-trabajadores\/accidentes-de-construccion\/accidentes-de-montacargas\/\" \/>\n<meta property=\"og:site_name\" content=\"Franco Mu\u00f1oz A Professional Corporation\" \/>\n<meta property=\"article:publisher\" content=\"https:\/\/www.facebook.com\/FrancoMunozLawFirm\/\" \/>\n<meta property=\"article:modified_time\" content=\"2026-04-21T11:36:37+00:00\" \/>\n<meta property=\"og:image\" content=\"https:\/\/francomunoz.com\/wp-content\/uploads\/2020\/05\/brain-injuries-bg.jpg\" \/>\n\t<meta property=\"og:image:width\" content=\"720\" \/>\n\t<meta property=\"og:image:height\" content=\"691\" \/>\n\t<meta property=\"og:image:type\" content=\"image\/jpeg\" \/>\n<meta name=\"twitter:card\" content=\"summary_large_image\" \/>\n<meta name=\"twitter:site\" content=\"@FrancoMunozLaw\" \/>\n<meta name=\"twitter:label1\" content=\"Tiempo de lectura\" \/>\n\t<meta name=\"twitter:data1\" content=\"3 minutos\" \/>\n<!-- \/ Yoast SEO Premium plugin. -->","yoast_head_json":{"title":"Compensaci\u00f3n laboral lesi\u00f3n cerebral California: Derechos - Franco Mu\u00f1oz A Professional Corporation","description":"\u00bfSufri\u00f3 una lesi\u00f3n cerebral en el trabajo en California? Conozca sus derechos, beneficios y c\u00f3mo maximizar su compensaci\u00f3n laboral. Consulta gratis.","robots":{"index":"index","follow":"follow","max-snippet":"max-snippet:-1","max-image-preview":"max-image-preview:large","max-video-preview":"max-video-preview:-1"},"canonical":"https:\/\/francomunoz.com\/es\/compensacion-de-trabajadores\/accidentes-de-construccion\/accidentes-de-montacargas\/","og_locale":"es_ES","og_type":"article","og_title":"Accidentes de Montacargas","og_description":"Get a Free & Confidential consultation. Call us right after your accident for a complimentary 24\/7 no-obligation case evaluation with one of our Top Work Injury Lawyers.","og_url":"https:\/\/francomunoz.com\/es\/compensacion-de-trabajadores\/accidentes-de-construccion\/accidentes-de-montacargas\/","og_site_name":"Franco Mu\u00f1oz A Professional Corporation","article_publisher":"https:\/\/www.facebook.com\/FrancoMunozLawFirm\/","article_modified_time":"2026-04-21T11:36:37+00:00","og_image":[{"width":720,"height":691,"url":"https:\/\/francomunoz.com\/wp-content\/uploads\/2020\/05\/brain-injuries-bg.jpg","type":"image\/jpeg"}],"twitter_card":"summary_large_image","twitter_site":"@FrancoMunozLaw","twitter_misc":{"Tiempo de lectura":"3 minutos"},"schema":{"@context":"https:\/\/schema.org","@graph":[{"@type":["Article","BlogPosting"],"@id":"https:\/\/francomunoz.com\/es\/compensacion-de-trabajadores\/accidentes-de-construccion\/accidentes-de-montacargas\/#article","isPartOf":{"@id":"https:\/\/francomunoz.com\/es\/compensacion-de-trabajadores\/accidentes-de-construccion\/accidentes-de-montacargas\/"},"author":{"name":"francoadmin","@id":"https:\/\/francomunoz.com\/es\/#\/schema\/person\/2b03249ea85b7bbbc0203921e6cf26ce"},"headline":"Accidentes de Montacargas","datePublished":"2026-04-21T10:53:28+00:00","dateModified":"2026-04-21T11:36:37+00:00","mainEntityOfPage":{"@id":"https:\/\/francomunoz.com\/es\/compensacion-de-trabajadores\/accidentes-de-construccion\/accidentes-de-montacargas\/"},"wordCount":496,"publisher":{"@id":"https:\/\/francomunoz.com\/es\/#organization"},"image":{"@id":"https:\/\/francomunoz.com\/es\/compensacion-de-trabajadores\/accidentes-de-construccion\/accidentes-de-montacargas\/#primaryimage"},"thumbnailUrl":"https:\/\/francomunoz.com\/wp-content\/uploads\/2020\/05\/brain-injuries-bg.jpg","inLanguage":"es"},{"@type":"WebPage","@id":"https:\/\/francomunoz.com\/es\/compensacion-de-trabajadores\/accidentes-de-construccion\/accidentes-de-montacargas\/","url":"https:\/\/francomunoz.com\/es\/compensacion-de-trabajadores\/accidentes-de-construccion\/accidentes-de-montacargas\/","name":"Compensaci\u00f3n laboral lesi\u00f3n cerebral California: Derechos - Franco Mu\u00f1oz A Professional Corporation","isPartOf":{"@id":"https:\/\/francomunoz.com\/es\/#website"},"primaryImageOfPage":{"@id":"https:\/\/francomunoz.com\/es\/compensacion-de-trabajadores\/accidentes-de-construccion\/accidentes-de-montacargas\/#primaryimage"},"image":{"@id":"https:\/\/francomunoz.com\/es\/compensacion-de-trabajadores\/accidentes-de-construccion\/accidentes-de-montacargas\/#primaryimage"},"thumbnailUrl":"https:\/\/francomunoz.com\/wp-content\/uploads\/2020\/05\/brain-injuries-bg.jpg","datePublished":"2026-04-21T10:53:28+00:00","dateModified":"2026-04-21T11:36:37+00:00","description":"\u00bfSufri\u00f3 una lesi\u00f3n cerebral en el trabajo en California? Conozca sus derechos, beneficios y c\u00f3mo maximizar su compensaci\u00f3n laboral. Consulta gratis.","breadcrumb":{"@id":"https:\/\/francomunoz.com\/es\/compensacion-de-trabajadores\/accidentes-de-construccion\/accidentes-de-montacargas\/#breadcrumb"},"inLanguage":"es","potentialAction":[{"@type":"ReadAction","target":["https:\/\/francomunoz.com\/es\/compensacion-de-trabajadores\/accidentes-de-construccion\/accidentes-de-montacargas\/"]}]},{"@type":"ImageObject","inLanguage":"es","@id":"https:\/\/francomunoz.com\/es\/compensacion-de-trabajadores\/accidentes-de-construccion\/accidentes-de-montacargas\/#primaryimage","url":"https:\/\/francomunoz.com\/wp-content\/uploads\/2020\/05\/brain-injuries-bg.jpg","contentUrl":"https:\/\/francomunoz.com\/wp-content\/uploads\/2020\/05\/brain-injuries-bg.jpg","width":720,"height":691},{"@type":"BreadcrumbList","@id":"https:\/\/francomunoz.com\/es\/compensacion-de-trabajadores\/accidentes-de-construccion\/accidentes-de-montacargas\/#breadcrumb","itemListElement":[{"@type":"ListItem","position":1,"name":"Home","item":"https:\/\/francomunoz.com\/es\/"},{"@type":"ListItem","position":2,"name":"COMPENSACI\u00d3N DE TRABAJADORES","item":"https:\/\/francomunoz.com\/es\/compensacion-de-trabajadores\/"},{"@type":"ListItem","position":3,"name":"Accidentes De Construccion","item":"https:\/\/francomunoz.com\/es\/compensacion-de-trabajadores\/accidentes-de-construccion\/"},{"@type":"ListItem","position":4,"name":"Accidentes de Montacargas"}]},{"@type":"WebSite","@id":"https:\/\/francomunoz.com\/es\/#website","url":"https:\/\/francomunoz.com\/es\/","name":"Oakland Workers Comp Attorney | Franco Munoz","description":"Best Workers Compensation Lawyers","publisher":{"@id":"https:\/\/francomunoz.com\/es\/#organization"},"potentialAction":[{"@type":"SearchAction","target":{"@type":"EntryPoint","urlTemplate":"https:\/\/francomunoz.com\/es\/?s={search_term_string}"},"query-input":{"@type":"PropertyValueSpecification","valueRequired":true,"valueName":"search_term_string"}}],"inLanguage":"es"},{"@type":"Organization","@id":"https:\/\/francomunoz.com\/es\/#organization","name":"Franco Munoz, Workers' Compensation Lawyers","url":"https:\/\/francomunoz.com\/es\/","logo":{"@type":"ImageObject","inLanguage":"es","@id":"https:\/\/francomunoz.com\/es\/#\/schema\/logo\/image\/","url":"https:\/\/francomunoz.com\/wp-content\/uploads\/2018\/01\/footer-logo-img.png","contentUrl":"https:\/\/francomunoz.com\/wp-content\/uploads\/2018\/01\/footer-logo-img.png","width":538,"height":84,"caption":"Franco Munoz, Workers' Compensation Lawyers"},"image":{"@id":"https:\/\/francomunoz.com\/es\/#\/schema\/logo\/image\/"},"sameAs":["https:\/\/www.facebook.com\/FrancoMunozLawFirm\/","https:\/\/x.com\/FrancoMunozLaw","https:\/\/www.linkedin.com\/company\/francomunoz\/"],"diversityStaffingReport":"https:\/\/francomunoz.com\/top-workers-compensation-lawyers-california\/diversity-equity-inclusion\/"},{"@type":"Person","@id":"https:\/\/francomunoz.com\/es\/#\/schema\/person\/2b03249ea85b7bbbc0203921e6cf26ce","name":"francoadmin","image":{"@type":"ImageObject","inLanguage":"es","@id":"https:\/\/secure.gravatar.com\/avatar\/8602f9db57af30c9535b14a12ddde3067368d8da46fa47eebc1a3401c432af1e?s=96&d=mm&r=g","url":"https:\/\/secure.gravatar.com\/avatar\/8602f9db57af30c9535b14a12ddde3067368d8da46fa47eebc1a3401c432af1e?s=96&d=mm&r=g","contentUrl":"https:\/\/secure.gravatar.com\/avatar\/8602f9db57af30c9535b14a12ddde3067368d8da46fa47eebc1a3401c432af1e?s=96&d=mm&r=g","caption":"francoadmin"}}]}},"_links":{"self":[{"href":"https:\/\/francomunoz.com\/es\/wp-json\/wp\/v2\/pages\/2097","targetHints":{"allow":["GET"]}}],"collection":[{"href":"https:\/\/francomunoz.com\/es\/wp-json\/wp\/v2\/pages"}],"about":[{"href":"https:\/\/francomunoz.com\/es\/wp-json\/wp\/v2\/types\/page"}],"author":[{"embeddable":true,"href":"https:\/\/francomunoz.com\/es\/wp-json\/wp\/v2\/users\/1"}],"replies":[{"embeddable":true,"href":"https:\/\/francomunoz.com\/es\/wp-json\/wp\/v2\/comments?post=2097"}],"version-history":[{"count":0,"href":"https:\/\/francomunoz.com\/es\/wp-json\/wp\/v2\/pages\/2097\/revisions"}],"up":[{"embeddable":true,"href":"https:\/\/francomunoz.com\/es\/wp-json\/wp\/v2\/pages\/580"}],"wp:featuredmedia":[{"embeddable":true,"href":"https:\/\/francomunoz.com\/es\/wp-json\/wp\/v2\/media\/510"}],"wp:attachment":[{"href":"https:\/\/francomunoz.com\/es\/wp-json\/wp\/v2\/media?parent=2097"}],"curies":[{"name":"wp","href":"https:\/\/api.w.org\/{rel}","templated":true}]}}