{"id":1032,"date":"2024-04-18T11:02:41","date_gmt":"2024-04-18T11:02:41","guid":{"rendered":"https:\/\/francomunoz.com\/?page_id=1032"},"modified":"2025-04-23T16:15:16","modified_gmt":"2025-04-23T16:15:16","slug":"daniel-alvarez","status":"publish","type":"page","link":"https:\/\/francomunoz.com\/es\/daniel-alvarez\/","title":{"rendered":"Daniel Alvarez, Esq"},"content":{"rendered":"<div id=\"pl-1032\"  class=\"panel-layout\" ><div id=\"pg-1032-0\"  class=\"panel-grid panel-has-style\" ><div class=\"attorney-row panel-row-style panel-row-style-for-1032-0\" ><div id=\"pgc-1032-0-0\"  class=\"panel-grid-cell\" ><div id=\"panel-1032-0-0-0\" class=\"so-panel widget widget_sow-image panel-first-child widgetopts-SO\" data-index=\"0\" ><div class=\"left-sec panel-widget-style panel-widget-style-for-1032-0-0-0\" ><div\n\t\t\t\n\t\t\tclass=\"so-widget-sow-image so-widget-sow-image-default-c67d20f9f743-1032\"\n\t\t\t\n\t\t>\n<div class=\"sow-image-container\">\n\t\t<img \n\tdata-src=\"https:\/\/francomunoz.com\/wp-content\/uploads\/2024\/04\/daniel2.png\" width=\"333\" height=\"500\" data-srcset=\"https:\/\/francomunoz.com\/wp-content\/uploads\/2024\/04\/daniel2.png 333w, https:\/\/francomunoz.com\/wp-content\/uploads\/2024\/04\/daniel2-200x300.png 200w\" data-sizes=\"(max-width: 333px) 100vw, 333px\" alt=\"\" \t\tclass=\"so-widget-image lazyload\" src=\"data:image\/svg+xml;base64,PHN2ZyB3aWR0aD0iMSIgaGVpZ2h0PSIxIiB4bWxucz0iaHR0cDovL3d3dy53My5vcmcvMjAwMC9zdmciPjwvc3ZnPg==\" style=\"--smush-placeholder-width: 333px; --smush-placeholder-aspect-ratio: 333\/500;\" \/>\n\t<\/div>\n\n<\/div><\/div><\/div><div id=\"panel-1032-0-0-1\" class=\"so-panel widget widget_sow-image panel-last-child widgetopts-SO\" data-index=\"1\" ><div class=\"left-sec panel-widget-style panel-widget-style-for-1032-0-0-1\" ><div\n\t\t\t\n\t\t\tclass=\"so-widget-sow-image so-widget-sow-image-default-c67d20f9f743-1032\"\n\t\t\t\n\t\t>\n<div class=\"sow-image-container\">\n\t\t<img \n\tdata-src=\"https:\/\/francomunoz.com\/wp-content\/uploads\/2024\/04\/daniel3.png\" width=\"333\" height=\"500\" data-srcset=\"https:\/\/francomunoz.com\/wp-content\/uploads\/2024\/04\/daniel3.png 333w, https:\/\/francomunoz.com\/wp-content\/uploads\/2024\/04\/daniel3-200x300.png 200w\" data-sizes=\"(max-width: 333px) 100vw, 333px\" alt=\"\" \t\tclass=\"so-widget-image lazyload\" src=\"data:image\/svg+xml;base64,PHN2ZyB3aWR0aD0iMSIgaGVpZ2h0PSIxIiB4bWxucz0iaHR0cDovL3d3dy53My5vcmcvMjAwMC9zdmciPjwvc3ZnPg==\" style=\"--smush-placeholder-width: 333px; --smush-placeholder-aspect-ratio: 333\/500;\" \/>\n\t<\/div>\n\n<\/div><\/div><\/div><\/div><div id=\"pgc-1032-0-1\"  class=\"panel-grid-cell\" ><div id=\"panel-1032-0-1-0\" class=\"so-panel widget widget_sow-editor panel-first-child panel-last-child widgetopts-SO\" data-index=\"2\" ><div\n\t\t\t\n\t\t\tclass=\"so-widget-sow-editor so-widget-sow-editor-base\"\n\t\t\t\n\t\t>\n<div class=\"siteorigin-widget-tinymce textwidget\">\n\t<p class=\"\" data-start=\"70\" data-end=\"395\">Daniel Alvarez es un abogado litigante talentoso en Franco Mu\u00f1oz, reconocido por obtener verdaderos resultados para trabajadores lesionados. Graduado de UC Hastings (ahora UC Law SF), Daniel combina la experiencia de una firma grande con un instinto agudo para el litigio, logrando resultados donde realmente importa.<\/p>\n<p class=\"\" data-start=\"397\" data-end=\"869\">Antes de defender a trabajadores lesionados, Daniel adquiri\u00f3 una experiencia invaluable en KPMG US LLP y PwC, donde trabaj\u00f3 en transacciones complejas de impuestos y bienes ra\u00edces. Ese trasfondo agudiz\u00f3 su capacidad para analizar estados financieros, navegar regulaciones y detectar inconsistencias\u2014habilidades que ahora usa para desafiar a las aseguradoras, exponer conductas indebidas de empleadores y aseguradoras, y maximizar la compensaci\u00f3n para sus clientes.<\/p>\n<p class=\"\" data-start=\"871\" data-end=\"1330\">Desde que se uni\u00f3 a la firma en 2023, Daniel ha logrado acuerdos por sumas de seis cifras, adjudicaciones retroactivas por incapacidad, y victorias en juicios sobre temas que van desde ofertas de trabajo modificadas inv\u00e1lidas, asegurar evaluadores estatales a favor de los solicitantes, hasta contrainterrogatorios de testigos hostiles. Su seguridad en la sala de audiencias y memoria muscular en juicios lo convierten en una fuerza en cada etapa del litigio.<\/p>\n<p class=\"\" data-start=\"1332\" data-end=\"1505\">En el centro de la pr\u00e1ctica de Daniel hay una misi\u00f3n simple: responsabilizar a las compa\u00f1\u00edas de seguros y luchar por la compensaci\u00f3n que los trabajadores lesionados merecen.<\/p>\n<h3 class=\"\" data-start=\"1512\" data-end=\"1548\"><strong data-start=\"1516\" data-end=\"1548\">Resultados Notables de Casos<\/strong><\/h3>\n<p class=\"\" data-start=\"1550\" data-end=\"2004\"><strong data-start=\"1550\" data-end=\"1661\">$109,000 en Acuerdo \u2013 Trauma Acumulativo Negado en Hombros, Codos, Rodillas, Espalda, Caderas y Visi\u00f3n\/Ojos<\/strong><br data-start=\"1661\" data-end=\"1664\" \/>Un trabajador industrial sufri\u00f3 lesiones tras m\u00e1s de 20 a\u00f1os trabajando como techador. La aseguradora neg\u00f3 el reclamo y Daniel luch\u00f3 con determinaci\u00f3n para lograr un resultado favorable para el solicitante. Esto result\u00f3 en llevar un reclamo negado a un acuerdo de <strong data-start=\"1928\" data-end=\"1940\">$109,000<\/strong> para el trabajador lesionado.<br data-start=\"1970\" data-end=\"1973\" \/><strong data-start=\"1973\" data-end=\"2004\">Valor del Acuerdo: $109,000<\/strong><\/p>\n<p class=\"\" data-start=\"2006\" data-end=\"2499\"><strong data-start=\"2006\" data-end=\"2100\">$105,000 en Adjudicaci\u00f3n Retroactiva de Incapacidad Temporal \u2013 Reclamo Inicialmente Negado<\/strong><br data-start=\"2100\" data-end=\"2103\" \/>Un trabajador industrial de 68 a\u00f1os fue rechazado en un reclamo de trauma acumulativo por trabajar en una f\u00e1brica por m\u00e1s de 40 a\u00f1os. A pesar del intento inicial de negaci\u00f3n por parte de la defensa, logramos la aceptaci\u00f3n del reclamo y aseguramos un beneficio retroactivo de incapacidad temporal de <strong data-start=\"2402\" data-end=\"2414\">$105,000<\/strong> que se le deb\u00eda al trabajador lesionado.<br data-start=\"2455\" data-end=\"2458\" \/><strong data-start=\"2458\" data-end=\"2499\">Valor de la Adjudicaci\u00f3n: $105,020.96<\/strong><\/p>\n<p class=\"\" data-start=\"2501\" data-end=\"2932\"><strong data-start=\"2501\" data-end=\"2560\">$110,000 \u2013 Hernia Negada para Trabajador de Conserjer\u00eda<\/strong><br data-start=\"2560\" data-end=\"2563\" \/>Un trabajador lesionado que resbal\u00f3 y se lastim\u00f3 la espalda y la rodilla, y desarroll\u00f3 una hernia como resultado de la ca\u00edda, fue inicialmente negado en tratamiento para esas partes del cuerpo. Daniel logr\u00f3 la aceptaci\u00f3n del reclamo y que la aseguradora aceptara la hernia, resultando en un acuerdo de <strong data-start=\"2865\" data-end=\"2877\">$110,000<\/strong> para el solicitante.<br data-start=\"2898\" data-end=\"2901\" \/><strong data-start=\"2901\" data-end=\"2932\">Valor del Acuerdo: $110,000<\/strong><\/p>\n<h3 class=\"\" data-start=\"2939\" data-end=\"2991\"><strong data-start=\"2943\" data-end=\"2991\">Por Qu\u00e9 los Clientes Eligen a Daniel Alvarez<\/strong><\/h3>\n<p class=\"\" data-start=\"2993\" data-end=\"3557\"><strong data-start=\"2993\" data-end=\"3017\">Compromiso Personal:<\/strong> Daniel trata a cada cliente con respeto, compasi\u00f3n y atenci\u00f3n individualizada.<br data-start=\"3096\" data-end=\"3099\" \/><strong data-start=\"3099\" data-end=\"3120\">Defensa Dedicada:<\/strong> Ya sea un reclamo negado o una oferta de acuerdo irrazonable, Daniel luchar\u00e1 hasta el final para obtener el resultado que usted merece.<br data-start=\"3256\" data-end=\"3259\" \/><strong data-start=\"3259\" data-end=\"3287\">Acuerdos de Seis Cifras:<\/strong> Daniel llevar\u00e1 un caso a juicio cuando otros no lo har\u00e1n, mientras elabora cada estrategia legal con precisi\u00f3n y cuidado para su caso. Ha asegurado consistentemente acuerdos de seis cifras para sus clientes, garantizando que reciban los beneficios largamente esperados.<\/p>\n<p class=\"\" data-start=\"3559\" data-end=\"3709\"><strong data-start=\"3559\" data-end=\"3709\">Si ha resultado lesionado en el trabajo y no est\u00e1 recibiendo la atenci\u00f3n o compensaci\u00f3n que necesita, comun\u00edquese con Franco Mu\u00f1oz, APC hoy mismo.<\/strong><\/p>\n<\/div>\n<\/div><\/div><\/div><\/div><\/div><\/div>","protected":false},"excerpt":{"rendered":"<p>Daniel Alvarez es un abogado litigante talentoso en Franco Mu\u00f1oz, reconocido por obtener verdaderos resultados para trabajadores lesionados. Graduado de UC Hastings (ahora UC Law SF), Daniel combina la experiencia de una firma grande con un instinto agudo para el litigio, logrando resultados donde realmente importa. Antes de defender a trabajadores lesionados, Daniel adquiri\u00f3 una [&hellip;]<\/p>\n","protected":false},"author":1,"featured_media":1000,"parent":0,"menu_order":0,"comment_status":"closed","ping_status":"closed","template":"page_attorneys.php","meta":{"_genesis_hide_title":false,"_genesis_hide_breadcrumbs":false,"_genesis_hide_singular_image":false,"_genesis_hide_footer_widgets":false,"_genesis_custom_body_class":"","_genesis_custom_post_class":"","_genesis_layout":"","footnotes":""},"class_list":{"0":"post-1032","1":"page","2":"type-page","3":"status-publish","4":"has-post-thumbnail","6":"entry"},"yoast_head":"<!-- This site is optimized with the Yoast SEO Premium plugin v27.4 (Yoast SEO v27.4) - https:\/\/yoast.com\/product\/yoast-seo-premium-wordpress\/ -->\n<title>Daniel Alvarez, Esq - Franco Mu\u00f1oz A Professional Corporation<\/title>\n<meta name=\"description\" content=\"Get a free &amp; confidential consultation. Call us right after your accident for a complimentary 24\/7 no-obligation case evaluation with one of our Top Work Injury Lawyers.\" \/>\n<meta name=\"robots\" content=\"index, follow, max-snippet:-1, max-image-preview:large, max-video-preview:-1\" \/>\n<link rel=\"canonical\" href=\"https:\/\/francomunoz.com\/es\/daniel-alvarez\/\" \/>\n<meta property=\"og:locale\" content=\"es_ES\" \/>\n<meta property=\"og:type\" content=\"article\" \/>\n<meta property=\"og:title\" content=\"Daniel Alvarez, Esq\" \/>\n<meta property=\"og:description\" content=\"Get a Free &amp; Confidential consultation. Call us right after your accident for a complimentary 24\/7 no-obligation case evaluation with one of our Top Work Injury Lawyers.\" \/>\n<meta property=\"og:url\" content=\"https:\/\/francomunoz.com\/es\/daniel-alvarez\/\" \/>\n<meta property=\"og:site_name\" content=\"Franco Mu\u00f1oz A Professional Corporation\" \/>\n<meta property=\"article:publisher\" content=\"https:\/\/www.facebook.com\/FrancoMunozLawFirm\/\" \/>\n<meta property=\"article:modified_time\" content=\"2025-04-23T16:15:16+00:00\" \/>\n<meta property=\"og:image\" content=\"https:\/\/francomunoz.com\/wp-content\/uploads\/2024\/04\/smaller-featured-1.jpg\" \/>\n\t<meta property=\"og:image:width\" content=\"1350\" \/>\n\t<meta property=\"og:image:height\" content=\"150\" \/>\n\t<meta property=\"og:image:type\" content=\"image\/jpeg\" \/>\n<meta name=\"twitter:card\" content=\"summary_large_image\" \/>\n<meta name=\"twitter:site\" content=\"@FrancoMunozLaw\" \/>\n<meta name=\"twitter:label1\" content=\"Tiempo de lectura\" \/>\n\t<meta name=\"twitter:data1\" content=\"3 minutos\" \/>\n<!-- \/ Yoast SEO Premium plugin. -->","yoast_head_json":{"title":"Daniel Alvarez, Esq - Franco Mu\u00f1oz A Professional Corporation","description":"Get a free & confidential consultation. Call us right after your accident for a complimentary 24\/7 no-obligation case evaluation with one of our Top Work Injury Lawyers.","robots":{"index":"index","follow":"follow","max-snippet":"max-snippet:-1","max-image-preview":"max-image-preview:large","max-video-preview":"max-video-preview:-1"},"canonical":"https:\/\/francomunoz.com\/es\/daniel-alvarez\/","og_locale":"es_ES","og_type":"article","og_title":"Daniel Alvarez, Esq","og_description":"Get a Free & Confidential consultation. Call us right after your accident for a complimentary 24\/7 no-obligation case evaluation with one of our Top Work Injury Lawyers.","og_url":"https:\/\/francomunoz.com\/es\/daniel-alvarez\/","og_site_name":"Franco Mu\u00f1oz A Professional Corporation","article_publisher":"https:\/\/www.facebook.com\/FrancoMunozLawFirm\/","article_modified_time":"2025-04-23T16:15:16+00:00","og_image":[{"width":1350,"height":150,"url":"https:\/\/francomunoz.com\/wp-content\/uploads\/2024\/04\/smaller-featured-1.jpg","type":"image\/jpeg"}],"twitter_card":"summary_large_image","twitter_site":"@FrancoMunozLaw","twitter_misc":{"Tiempo de lectura":"3 minutos"},"schema":{"@context":"https:\/\/schema.org","@graph":[{"@type":["Article","BlogPosting"],"@id":"https:\/\/francomunoz.com\/es\/daniel-alvarez\/#article","isPartOf":{"@id":"https:\/\/francomunoz.com\/es\/daniel-alvarez\/"},"author":{"name":"francoadmin","@id":"https:\/\/francomunoz.com\/es\/#\/schema\/person\/2b03249ea85b7bbbc0203921e6cf26ce"},"headline":"Daniel Alvarez, Esq","datePublished":"2024-04-18T11:02:41+00:00","dateModified":"2025-04-23T16:15:16+00:00","mainEntityOfPage":{"@id":"https:\/\/francomunoz.com\/es\/daniel-alvarez\/"},"wordCount":571,"publisher":{"@id":"https:\/\/francomunoz.com\/es\/#organization"},"image":{"@id":"https:\/\/francomunoz.com\/es\/daniel-alvarez\/#primaryimage"},"thumbnailUrl":"https:\/\/francomunoz.com\/wp-content\/uploads\/2024\/04\/smaller-featured-1.jpg","inLanguage":"es"},{"@type":"WebPage","@id":"https:\/\/francomunoz.com\/es\/daniel-alvarez\/","url":"https:\/\/francomunoz.com\/es\/daniel-alvarez\/","name":"Daniel Alvarez, Esq - Franco Mu\u00f1oz A Professional Corporation","isPartOf":{"@id":"https:\/\/francomunoz.com\/es\/#website"},"primaryImageOfPage":{"@id":"https:\/\/francomunoz.com\/es\/daniel-alvarez\/#primaryimage"},"image":{"@id":"https:\/\/francomunoz.com\/es\/daniel-alvarez\/#primaryimage"},"thumbnailUrl":"https:\/\/francomunoz.com\/wp-content\/uploads\/2024\/04\/smaller-featured-1.jpg","datePublished":"2024-04-18T11:02:41+00:00","dateModified":"2025-04-23T16:15:16+00:00","description":"Get a free & confidential consultation. Call us right after your accident for a complimentary 24\/7 no-obligation case evaluation with one of our Top Work Injury Lawyers.","breadcrumb":{"@id":"https:\/\/francomunoz.com\/es\/daniel-alvarez\/#breadcrumb"},"inLanguage":"es","potentialAction":[{"@type":"ReadAction","target":["https:\/\/francomunoz.com\/es\/daniel-alvarez\/"]}]},{"@type":"ImageObject","inLanguage":"es","@id":"https:\/\/francomunoz.com\/es\/daniel-alvarez\/#primaryimage","url":"https:\/\/francomunoz.com\/wp-content\/uploads\/2024\/04\/smaller-featured-1.jpg","contentUrl":"https:\/\/francomunoz.com\/wp-content\/uploads\/2024\/04\/smaller-featured-1.jpg","width":1350,"height":150},{"@type":"BreadcrumbList","@id":"https:\/\/francomunoz.com\/es\/daniel-alvarez\/#breadcrumb","itemListElement":[{"@type":"ListItem","position":1,"name":"Home","item":"https:\/\/francomunoz.com\/es\/"},{"@type":"ListItem","position":2,"name":"Daniel Alvarez, Esq"}]},{"@type":"WebSite","@id":"https:\/\/francomunoz.com\/es\/#website","url":"https:\/\/francomunoz.com\/es\/","name":"Oakland Workers Comp Attorney | Franco Munoz","description":"Best Workers Compensation Lawyers","publisher":{"@id":"https:\/\/francomunoz.com\/es\/#organization"},"potentialAction":[{"@type":"SearchAction","target":{"@type":"EntryPoint","urlTemplate":"https:\/\/francomunoz.com\/es\/?s={search_term_string}"},"query-input":{"@type":"PropertyValueSpecification","valueRequired":true,"valueName":"search_term_string"}}],"inLanguage":"es"},{"@type":"Organization","@id":"https:\/\/francomunoz.com\/es\/#organization","name":"Franco Munoz, Workers' Compensation Lawyers","url":"https:\/\/francomunoz.com\/es\/","logo":{"@type":"ImageObject","inLanguage":"es","@id":"https:\/\/francomunoz.com\/es\/#\/schema\/logo\/image\/","url":"https:\/\/francomunoz.com\/wp-content\/uploads\/2018\/01\/footer-logo-img.png","contentUrl":"https:\/\/francomunoz.com\/wp-content\/uploads\/2018\/01\/footer-logo-img.png","width":538,"height":84,"caption":"Franco Munoz, Workers' Compensation Lawyers"},"image":{"@id":"https:\/\/francomunoz.com\/es\/#\/schema\/logo\/image\/"},"sameAs":["https:\/\/www.facebook.com\/FrancoMunozLawFirm\/","https:\/\/x.com\/FrancoMunozLaw","https:\/\/www.linkedin.com\/company\/francomunoz\/"],"diversityStaffingReport":"https:\/\/francomunoz.com\/top-workers-compensation-lawyers-california\/diversity-equity-inclusion\/"},{"@type":"Person","@id":"https:\/\/francomunoz.com\/es\/#\/schema\/person\/2b03249ea85b7bbbc0203921e6cf26ce","name":"francoadmin","image":{"@type":"ImageObject","inLanguage":"es","@id":"https:\/\/secure.gravatar.com\/avatar\/8602f9db57af30c9535b14a12ddde3067368d8da46fa47eebc1a3401c432af1e?s=96&d=mm&r=g","url":"https:\/\/secure.gravatar.com\/avatar\/8602f9db57af30c9535b14a12ddde3067368d8da46fa47eebc1a3401c432af1e?s=96&d=mm&r=g","contentUrl":"https:\/\/secure.gravatar.com\/avatar\/8602f9db57af30c9535b14a12ddde3067368d8da46fa47eebc1a3401c432af1e?s=96&d=mm&r=g","caption":"francoadmin"}}]}},"_links":{"self":[{"href":"https:\/\/francomunoz.com\/es\/wp-json\/wp\/v2\/pages\/1032","targetHints":{"allow":["GET"]}}],"collection":[{"href":"https:\/\/francomunoz.com\/es\/wp-json\/wp\/v2\/pages"}],"about":[{"href":"https:\/\/francomunoz.com\/es\/wp-json\/wp\/v2\/types\/page"}],"author":[{"embeddable":true,"href":"https:\/\/francomunoz.com\/es\/wp-json\/wp\/v2\/users\/1"}],"replies":[{"embeddable":true,"href":"https:\/\/francomunoz.com\/es\/wp-json\/wp\/v2\/comments?post=1032"}],"version-history":[{"count":0,"href":"https:\/\/francomunoz.com\/es\/wp-json\/wp\/v2\/pages\/1032\/revisions"}],"wp:featuredmedia":[{"embeddable":true,"href":"https:\/\/francomunoz.com\/es\/wp-json\/wp\/v2\/media\/1000"}],"wp:attachment":[{"href":"https:\/\/francomunoz.com\/es\/wp-json\/wp\/v2\/media?parent=1032"}],"curies":[{"name":"wp","href":"https:\/\/api.w.org\/{rel}","templated":true}]}}